{"id":147,"date":"2025-07-08T12:11:53","date_gmt":"2025-07-08T10:11:53","guid":{"rendered":"https:\/\/ro-spain-international.com\/home2\/"},"modified":"2025-07-25T14:21:48","modified_gmt":"2025-07-25T12:21:48","slug":"home2","status":"publish","type":"page","link":"https:\/\/ro-spain-international.com\/es\/","title":{"rendered":"Home2"},"content":{"rendered":"<div class=\"wpb-content-wrapper\"><p>[vc_row full_width=\u00bbstretch_row\u00bb full_height=\u00bbyes\u00bb content_placement=\u00bbmiddle\u00bb css_animation=\u00bbfadeIn\u00bb el_class=\u00bblandingHome\u00bb css=\u00bb.vc_custom_1747211876395{padding-bottom: 50px !important;background-image: url(https:\/\/ro-spain-international.com\/wp-content\/uploads\/2025\/04\/bg3.jpg?id=22) !important;background-position: center !important;background-repeat: no-repeat !important;background-size: cover !important;}\u00bb][vc_column][vc_single_image image=\u00bb202&#8243; img_size=\u00bbfull\u00bb alignment=\u00bbcenter\u00bb css_animation=\u00bbfadeInDown\u00bb css=\u00bb.vc_custom_1753257101701{margin-bottom: -25px !important;}\u00bb el_class=\u00bbimgLogo\u00bb][vc_column_text css=\u00bb.vc_custom_1753446105236{margin-bottom: 0px !important;}\u00bb]<\/p>\n<h1 style=\"text-align: center;\">Bienvenido a <span style=\"color: #324c76;\">RO Spain Real Estate<\/span> en colaboraci\u00f3n con<br \/>\n<span style=\"color: #324c76;\">CMR Real Estate &amp; Business Solutions<\/span><\/h1>\n<p>[\/vc_column_text][vc_column_text css=\u00bb\u00bb]<\/p>\n<h2 style=\"text-align: center;\">Su puerta de entrada al \u00e9xito empresarial e inmobiliario en los mercados m\u00e1s din\u00e1micos del mundo.<\/h2>\n<p>[\/vc_column_text]\n\t\t\t\t<p class=\"rs-p-wp-fix\"><\/p>\n\t\t\t\t<sr7-module data-alias=\"home\" data-id=\"1\" id=\"SR7_1_1\" class=\"rs-ov-hidden\" data-version=\"6.7.31\">\n\t\t\t\t\t<sr7-adjuster><\/sr7-adjuster>\n\t\t\t\t\t<sr7-content>\n\t\t\t\t\t\t<sr7-slide id=\"SR7_1_1-1\" data-key=\"1\">\n\t\t\t\t\t\t<\/sr7-slide>\n\t\t\t\t\t\t<sr7-slide id=\"SR7_1_1-2\" data-key=\"2\">\n\t\t\t\t\t\t<\/sr7-slide>\n\t\t\t\t\t<\/sr7-content>\n\t\t\t\t<\/sr7-module>\n\t\t\t\t<script>\n\t\t\t\t\tSR7.PMH ??={}; SR7.PMH[\"SR7_1_1\"] = {cn:100,state:false,fn: function() { if (_tpt!==undefined && _tpt.prepareModuleHeight !== undefined) {  _tpt.prepareModuleHeight({id:\"SR7_1_1\",el:[575,575,768,960,720],type:'standard',shdw:'0',gh:[575,575,491,373,230],gw:[1200,1200,1024,778,480],vpt:['-100px'],size:{fullWidth:false, fullHeight:false},mh:'0',onh:0,onw:0,bg:{color:'{\"orig\":\"transparent\",\"type\":\"solid\",\"string\":\"transparent\"}'}});   SR7.PMH[\"SR7_1_1\"].state=true;} else if(SR7.PMH[\"SR7_1_1\"].cn-->0)\tsetTimeout( SR7.PMH[\"SR7_1_1\"].fn,19);}};SR7.PMH[\"SR7_1_1\" ].fn();\n\t\t\t\t<\/script>\n[vc_column_text css=\u00bb.vc_custom_1753262387908{margin-top: 25px !important;margin-bottom: 0px !important;}\u00bb]<\/p>\n<p style=\"text-align: center;\">En <strong>RO Spain<\/strong> llevamos <strong>m\u00e1s de 20 a\u00f1os<\/strong> ayudando a emprendedores, inversores y empresas internacionales a encontrar las mejores inversiones en tres de los destinos con mayor potencial de oportunidades del mundo:<\/p>\n<p>[\/vc_column_text][vc_row_inner content_placement=\u00bbmiddle\u00bb gap=\u00bb35&#8243; css=\u00bb.vc_custom_1751970749002{margin-bottom: 35px !important;}\u00bb][vc_column_inner width=\u00bb1\/3&#8243;][vc_btn title=\u00bbDubai\u00bb style=\u00bbgradient-custom\u00bb gradient_custom_color_1=\u00bb#641530&#8243; gradient_custom_color_2=\u00bb#641530&#8243; size=\u00bblg\u00bb align=\u00bbcenter\u00bb i_icon_fontawesome=\u00bbfa fa-solid fa-location-dot\u00bb css=\u00bb.vc_custom_1753263411628{margin-bottom: 0px !important;}\u00bb button_block=\u00bbtrue\u00bb add_icon=\u00bbtrue\u00bb link=\u00bburl:https%3A%2F%2Fwww.cmrdubai.com%2Fes%2F|target:_blank\u00bb][\/vc_column_inner][vc_column_inner width=\u00bb1\/3&#8243;][vc_btn title=\u00bbThailand\u00bb style=\u00bbgradient-custom\u00bb gradient_custom_color_1=\u00bb#010101&#8243; gradient_custom_color_2=\u00bb#010101&#8243; size=\u00bblg\u00bb align=\u00bbcenter\u00bb i_icon_fontawesome=\u00bbfa fa-solid fa-location-dot\u00bb css=\u00bb.vc_custom_1753263396578{margin-bottom: 0px !important;}\u00bb button_block=\u00bbtrue\u00bb add_icon=\u00bbtrue\u00bb link=\u00bburl:https%3A%2F%2Fwww.cmrthailand.com%2Fes%2F|target:_blank\u00bb][\/vc_column_inner][vc_column_inner width=\u00bb1\/3&#8243;][vc_btn title=\u00bbSpain\u00bb style=\u00bbgradient-custom\u00bb gradient_custom_color_1=\u00bb#3D567E\u00bb gradient_custom_color_2=\u00bb#3D567E\u00bb size=\u00bblg\u00bb align=\u00bbcenter\u00bb i_icon_fontawesome=\u00bbfa fa-solid fa-location-dot\u00bb css=\u00bb.vc_custom_1753263382175{margin-bottom: 0px !important;}\u00bb button_block=\u00bbtrue\u00bb add_icon=\u00bbtrue\u00bb link=\u00bburl:https%3A%2F%2Fwww.ro-spain.com%2Fes%2F|target:_blank\u00bb][\/vc_column_inner][\/vc_row_inner][vc_row_inner css=\u00bb.vc_custom_1751970809396{margin-bottom: 0px !important;}\u00bb][vc_column_inner width=\u00bb1\/2&#8243;][vc_column_text css=\u00bb.vc_custom_1746778584370{margin-bottom: 10px !important;}\u00bb el_class=\u00bbtxtContacto\u00bb]<\/p>\n<p style=\"text-align: center;\"><i class=\"fas fa-map-marker-alt\" style=\"color: #000;\"><\/i> <strong>Oficina central:<\/strong> 244\/301 Moo 4, Subdistrito Phayom, Distrito Wang Noi,<br \/>\nProvincia de Phra Nakhon Si Ayutthaya 13170, Tailandia<br \/>\n<i class=\"fas fa-mobile-alt\" style=\"color: #000;\"><\/i> <strong>Tel\u00e9fono:<\/strong> +66 (0) 936035142<\/p>\n<p>[\/vc_column_text][\/vc_column_inner][vc_column_inner width=\u00bb1\/2&#8243;][vc_column_text css=\u00bb.vc_custom_1753263762107{margin-bottom: 10px !important;}\u00bb el_class=\u00bbtxtContacto\u00bb]<\/p>\n<p style=\"text-align: center;\"><i class=\"fas fa-map-marker-alt\" style=\"color: #000;\"><\/i> <strong>Oficina en Espa\u00f1a:<\/strong> Calle Poeta Quintana, 41, 03004, Alicante, Espa\u00f1a<br \/>\n<i class=\"fas fa-mobile-alt\" style=\"color: #000;\"><\/i> <strong>Tel\u00e9fono:<\/strong> +34 699 44 62 15<\/p>\n<p>[\/vc_column_text][\/vc_column_inner][\/vc_row_inner][vc_column_text css=\u00bb.vc_custom_1753263874732{margin-top: 25px !important;margin-bottom: 0px !important;}\u00bb el_class=\u00bbtxtContacto\u00bb]<\/p>\n<p style=\"text-align: center;\"><i class=\"far fa-envelope\" style=\"color: #000;\"><\/i> <strong>e-Mail:<\/strong> info@ro-spain.com<\/p>\n<p>[\/vc_column_text][\/vc_column][\/vc_row]<\/p>\n<\/div>","protected":false},"excerpt":{"rendered":"<p>[vc_row full_width=\u00bbstretch_row\u00bb full_height=\u00bbyes\u00bb content_placement=\u00bbmiddle\u00bb css_animation=\u00bbfadeIn\u00bb el_class=\u00bblandingHome\u00bb css=\u00bb.vc_custom_1747211876395{padding-bottom: 50px !important;background-image: url(https:\/\/ro-spain-international.com\/wp-content\/uploads\/2025\/04\/bg3.jpg?id=22) !important;background-position: center !important;background-repeat: no-repeat !important;background-size: cover !important;}\u00bb][vc_column][vc_single_image image=\u00bb202&#8243; img_size=\u00bbfull\u00bb alignment=\u00bbcenter\u00bb css_animation=\u00bbfadeInDown\u00bb css=\u00bb.vc_custom_1753257101701{margin-bottom: -25px !important;}\u00bb el_class=\u00bbimgLogo\u00bb][vc_column_text css=\u00bb.vc_custom_1753446105236{margin-bottom:<span class=\"excerpt-hellip\"> [\u2026]<\/span><\/p>\n","protected":false},"author":1,"featured_media":0,"parent":0,"menu_order":0,"comment_status":"closed","ping_status":"closed","template":"template-blank.php","meta":{"footnotes":""},"class_list":["post-147","page","type-page","status-publish","hentry"],"aioseo_notices":[],"_links":{"self":[{"href":"https:\/\/ro-spain-international.com\/es\/wp-json\/wp\/v2\/pages\/147","targetHints":{"allow":["GET"]}}],"collection":[{"href":"https:\/\/ro-spain-international.com\/es\/wp-json\/wp\/v2\/pages"}],"about":[{"href":"https:\/\/ro-spain-international.com\/es\/wp-json\/wp\/v2\/types\/page"}],"author":[{"embeddable":true,"href":"https:\/\/ro-spain-international.com\/es\/wp-json\/wp\/v2\/users\/1"}],"replies":[{"embeddable":true,"href":"https:\/\/ro-spain-international.com\/es\/wp-json\/wp\/v2\/comments?post=147"}],"version-history":[{"count":14,"href":"https:\/\/ro-spain-international.com\/es\/wp-json\/wp\/v2\/pages\/147\/revisions"}],"predecessor-version":[{"id":247,"href":"https:\/\/ro-spain-international.com\/es\/wp-json\/wp\/v2\/pages\/147\/revisions\/247"}],"wp:attachment":[{"href":"https:\/\/ro-spain-international.com\/es\/wp-json\/wp\/v2\/media?parent=147"}],"curies":[{"name":"wp","href":"https:\/\/api.w.org\/{rel}","templated":true}]}}