{"id":91,"date":"2025-05-14T10:21:28","date_gmt":"2025-05-14T08:21:28","guid":{"rendered":"https:\/\/ro-spain-international.com\/legal-notice\/"},"modified":"2025-07-23T11:33:26","modified_gmt":"2025-07-23T09:33:26","slug":"nota-prawna","status":"publish","type":"page","link":"https:\/\/ro-spain-international.com\/pl\/nota-prawna\/","title":{"rendered":"Nota prawna"},"content":{"rendered":"<div class=\"wpb-content-wrapper\"><p>[vc_row css=&#8221;.vc_custom_1747211266544{padding-top: 50px !important;padding-bottom: 50px !important;}&#8221;][vc_column][vc_column_text css=&#8221;&#8221;]<\/p>\n<h1>NOTA PRAWNA<\/h1>\n<p>Informacje og\u00f3lne zgodne z ustaw\u0105 34\/2002 z 11 lipca o us\u0142ugach spo\u0142ecze\u0144stwa informacyjnego:<\/p>\n<p>W\u0142a\u015bciciel: <strong>DYROMO TRADE S.L<br \/>\n<\/strong>Nazwa firmy: <strong>RO Spain Real Estate | <\/strong><strong>CMR Real Estate &amp; Business Solutions Co. Ltd.<\/strong><strong><br \/>\n<\/strong>C.I.F.: <strong>B-54875042<br \/>\n<\/strong>Adres: <strong>C \/ Reyes Cat\u00f3licos 29, 4\u00ba A 03003 (Alicante)<br \/>\n<\/strong>Telefon: <strong>+34 638 315 670<br \/>\n<\/strong>E-mail: <a href=\"mailto:info@ro-spain.com\"><u><strong>info@ro-spain.com<\/strong><\/u><\/a><br \/>\nE-mail skontaktuj si\u0119 z LOPD:<strong>\u00a0<\/strong><a href=\"mailto:lopd@ro-spain.com\"><u><strong>lopd@ro-spain.com<\/strong><\/u><\/a><\/p>\n<p><strong>Dyromo Trade, S.L<\/strong> (z nazw\u0105 firmow\u0105 RO Spain Real Estate) jest w\u0142a\u015bcicielem nazwy domeny i strony internetowej dost\u0119pnej za po\u015brednictwem adresu localhost\/rospain.<\/p>\n<p>Dane rejestru:<\/p>\n<p>Zarejestrowany w rejestrze Mercantile w Alicante. Numer zapisu 1\/2015 \/ 15.251, Dziennik 308, Miejsce 1797, Pozycja 1, Strona A-146161, Folder 76, Tom 3879.<\/p>\n<p><strong>Akceptacja warunk\u00f3w u\u017cytkowania<\/strong><\/p>\n<p>Prosimy o dok\u0142adne zapoznanie si\u0119 z niniejszymi \u201cWarunkami u\u017cytkowania\u201d i \u201cPolityk\u0105 prywatno\u015bci\u201d przed u\u017cyciem i dost\u0119pem do tej strony.<\/p>\n<p>Korzystaj\u0105c z tej witryny lub uzyskuj\u0105c do niej dost\u0119p, potwierdzasz, \u017ce przeczyta\u0142e\u015b, zrozumia\u0142e\u015b i zaakceptowa\u0142e\u015b \u201cWarunki umowy u\u017cytkowania\u201d i \u201cPolityk\u0119 prywatno\u015bci\u201d. Warunki te maj\u0105 na celu zapewnienie lepszej eksploatacji strony internetowej w Internecie.<\/p>\n<p><strong>Warunki korzystania z portalu<\/strong><\/p>\n<p>U\u017cytkownik zobowi\u0105zuje si\u0119 do korzystania z Tre\u015bci w spos\u00f3b sumienny, prawid\u0142owy i zgodny z prawem. W szczeg\u00f3lno\u015bci zobowi\u0105zuje si\u0119 do powstrzymania od (a) korzystania z Tre\u015bci w spos\u00f3b lub dla cel\u00f3w sprzecznych z prawem, niemoralnymi niepoprawnie przyj\u0119tymi obyczajami przez porz\u0105dek publiczny; (b) powielania, kopiowania, rozpowszechniania, zezwalania na publiczny dost\u0119p za po\u015brednictwem jakiejkolwiek formy komunikacji publicznej, przekszta\u0142cania lub modyfikowania Tre\u015bci, chyba \u017ce u\u017cytkownik posiada upowa\u017cnienie odpowiednich praw w\u0142a\u015bciciela lub jest to prawnie dozwolone; (c) usuwania, unikania lub manipulowania \u201eprawami autorskimi\u201d i innymi danymi identyfikacyjnymi.<\/p>\n<p>U\u017cytkownik wyra\u017anie zobowi\u0105zuje si\u0119 nie niszczy\u0107, zmienia\u0107, wy\u0142\u0105cza\u0107 lub w jakikolwiek inny spos\u00f3b uszkadza\u0107 dane, programy lub dokumenty elektroniczne i reszt\u0119 znajduj\u0105c\u0105 si\u0119 na tej stronie.<\/p>\n<p>U\u017cytkownik zobowi\u0105zuje si\u0119 nie wprowadza\u0107 program\u00f3w, wirus\u00f3w, makr, aplet\u00f3w, formant\u00f3w ActiveX, ani \u017cadnych innych urz\u0105dze\u0144 logicznych lub sekwencji znak\u00f3w, kt\u00f3re powoduj\u0105 lub mog\u0105 spowodowa\u0107 jakiekolwiek zmiany w systemach komputerowych w\u0142a\u015bciciela strony internetowej lub os\u00f3b trzecich.<\/p>\n<p>Zabrania si\u0119 przeprowadzania wszelkiego rodzaju reklam lub informacji handlowych bezpo\u015brednio lub potajemnie wysy\u0142aj\u0105c masowe wiadomo\u015bci e-mail (\u201espam\u201d) bez odpowiedniej autoryzacji.<\/p>\n<p>Wszelkie linki z tre\u015bci\u0105 wymagaj\u0105 uprzedniej zgody Dyromo Trade, S.L. umo\u017cliwiaj\u0105c poprzez odpowiedni\u0105 wizualizacj\u0119, identyfikacj\u0119 jej pochodzenia. Wykorzystanie tych informacji na innych stronach internetowych wymaga wyra\u017anej autoryzacji.<\/p>\n<p><strong>Wykluczenie gwarancji i odpowiedzialno\u015bci<\/strong><\/p>\n<p>Dyromo Trade, S.L. zastrzega sobie prawo do wprowadzania, w dowolnym czasie i bez wcze\u015bniejszego powiadomienia, modyfikacji i aktualizacji informacji zawartych na swojej stronie internetowej, konfiguracji i prezentacji warunk\u00f3w dost\u0119pu. Dyromo Trade, S.L. nie gwarantuje braku przerw lub b\u0142\u0119d\u00f3w w dost\u0119pie do strony internetowej, jej zawarto\u015bci lub aktualizacji. W zaistnia\u0142ych przypadkach do\u0142o\u017cy wszelkich stara\u0144, aby ich unika\u0107, poprawia\u0107 lub aktualizowa\u0107.<\/p>\n<p>Dost\u0119p do sieci nie oznacza zobowi\u0105zania ze strony Dyromo Trade, S.L. kontrolowania braku wirus\u00f3w, innego szkodliwego programu lub systemu. Udost\u0119pnia u\u017cytkownikowi odpowiednie narz\u0119dzia do wykrywania i leczenia szkodliwych program\u00f3w komputerowych. Dyromo Trade, S.L. nie ponosi odpowiedzialno\u015bci za jakiekolwiek uszkodzenia sprz\u0119tu komputerowego u\u017cytkownik\u00f3w lub os\u00f3b trzecich w trakcie \u015bwiadczenia us\u0142ugi internetowej.<\/p>\n<p>Dyromo Trade, S.L. nie ponosi odpowiedzialno\u015bci za jakiekolwiek szkody spowodowane lub mog\u0105ce wyst\u0105pi\u0107, niezale\u017cnie od ich charakteru, wynikaj\u0105ce z wykorzystania informacji zawartych w tej witrynie internetowej i jej program\u00f3w. Dyromo Trade, S.L. nie ponosi odpowiedzialno\u015bci za informacje w niej zawarte, ani za jakiekolwiek wynikaj\u0105ce skutki.<\/p>\n<p>W skr\u00f3cie, u\u017cytkownik ponosi wy\u0142\u0105czn\u0105 odpowiedzialno\u015b\u0107 za korzystanie z us\u0142ug, tre\u015bci, link\u00f3w i hipertekstu zawartych na tej stronie.<\/p>\n<p><strong>Prawa w\u0142asno\u015bci intelektualnej i przemys\u0142owej <\/strong><\/p>\n<p>Kod \u017ar\u00f3d\u0142owy, projekty graficzne, obrazy, oprogramowanie, teksty, a tak\u017ce informacje i tre\u015bci zawarte na tej stronie s\u0105 chronione przez hiszpa\u0144skie przepisy dotycz\u0105ce praw w\u0142asno\u015bci intelektualnej i przemys\u0142owej na rzecz Dyromo Trade, S.L. Niedozwolona jest reprodukcja i \/ lub publikacja, ca\u0142o\u015bci lub cz\u0119\u015bci strony internetowej, jej przetwarzania komputerowego, rozpowszechniania, jej dystrybucji, ani modyfikacji, transformacji lub dekompilacji, praw legalnie uznanych w\u0142a\u015bcicielowi, bez uprzedniej pisemnej zgody.<\/p>\n<p>U\u017cytkownik, tylko i wy\u0142\u0105cznie, mo\u017ce wykorzystywa\u0107 materia\u0142y, kt\u00f3re pojawiaj\u0105 si\u0119 na tej stronie internetowej do u\u017cytku osobistego i prywatnego. Zabronione jest wykorzystywanie ich do cel\u00f3w komercyjnych lub do podejmowania nielegalnych dzia\u0142a\u0144.<\/p>\n<p>Dyromo Trade, S.L. nie udziela \u017cadnych licencji ani zezwole\u0144 na jakiekolwiek wykorzystanie praw w\u0142asno\u015bci intelektualnej i przemys\u0142owej, ani \u017cadnych innych w\u0142asno\u015bci lub praw zwi\u0105zanych ze stron\u0105 internetow\u0105. Wszelkie prawa wynikaj\u0105ce z w\u0142asno\u015bci intelektualnej s\u0105 wyra\u017anie zastrze\u017cone przez Dyromo Trade, S.L.<\/p>\n<p>Dost\u0119p do witryny nie przyznaje u\u017cytkownikom \u017cadnych praw w\u0142asno\u015bci intelektualnej. Zgodnie z postanowieniami artyku\u0142\u00f3w 8 i 32.1 akapit drugi ustawy o w\u0142asno\u015bci intelektualnej, reprodukcja, dystrybucja i komunikacja publiczna s\u0105 wyra\u017anie zabronione. W tym udost\u0119pniania, ca\u0142o\u015bci lub cz\u0119\u015bci zawarto\u015bci tej strony internetowej, w celach komercyjnych, na dowolnym no\u015bniku i przy u\u017cyciu jakichkolwiek \u015brodk\u00f3w technicznych, bez upowa\u017cnienia Dyromo Trade, S.L.<\/p>\n<p>U\u017cytkownik zgadza si\u0119 przestrzega\u0107 praw intelektualnych i przemys\u0142owych.<\/p>\n<p>Firma Dyromo Trade, S.L. czuwa nad zgodno\u015bci\u0105 powy\u017cszych warunk\u00f3w, a tak\u017ce prawid\u0142owym wykorzystaniem tre\u015bci prezentowanych na swojej stronie internetowej, wykonuj\u0105c wszelkie dzia\u0142ania cywilne i przest\u0119pcze, kt \u00f3re odpowiadaj\u0105 w przypadku nadu\u017cycia lub naruszenia tych praw przez u\u017cytkownika.[\/vc_column_text][\/vc_column][\/vc_row]<\/p>\n<\/div>","protected":false},"excerpt":{"rendered":"<p>[vc_row css=&#8221;.vc_custom_1747211266544{padding-top: 50px !important;padding-bottom: 50px !important;}&#8221;][vc_column][vc_column_text css=&#8221;&#8221;] NOTA PRAWNA Informacje og\u00f3lne zgodne z ustaw\u0105 34\/2002 z 11 lipca o us\u0142ugach spo\u0142ecze\u0144stwa informacyjnego: W\u0142a\u015bciciel: DYROMO TRADE S.L<span class=\"excerpt-hellip\"> [\u2026]<\/span><\/p>\n","protected":false},"author":1,"featured_media":-1,"parent":0,"menu_order":0,"comment_status":"closed","ping_status":"closed","template":"template-blank.php","meta":{"footnotes":""},"class_list":["post-91","page","type-page","status-publish","has-post-thumbnail","hentry"],"aioseo_notices":[],"_links":{"self":[{"href":"https:\/\/ro-spain-international.com\/pl\/wp-json\/wp\/v2\/pages\/91","targetHints":{"allow":["GET"]}}],"collection":[{"href":"https:\/\/ro-spain-international.com\/pl\/wp-json\/wp\/v2\/pages"}],"about":[{"href":"https:\/\/ro-spain-international.com\/pl\/wp-json\/wp\/v2\/types\/page"}],"author":[{"embeddable":true,"href":"https:\/\/ro-spain-international.com\/pl\/wp-json\/wp\/v2\/users\/1"}],"replies":[{"embeddable":true,"href":"https:\/\/ro-spain-international.com\/pl\/wp-json\/wp\/v2\/comments?post=91"}],"version-history":[{"count":3,"href":"https:\/\/ro-spain-international.com\/pl\/wp-json\/wp\/v2\/pages\/91\/revisions"}],"predecessor-version":[{"id":233,"href":"https:\/\/ro-spain-international.com\/pl\/wp-json\/wp\/v2\/pages\/91\/revisions\/233"}],"wp:featuredmedia":[{"embeddable":true,"href":"https:\/\/ro-spain-international.com\/pl\/wp-json\/"}],"wp:attachment":[{"href":"https:\/\/ro-spain-international.com\/pl\/wp-json\/wp\/v2\/media?parent=91"}],"curies":[{"name":"wp","href":"https:\/\/api.w.org\/{rel}","templated":true}]}}